{"id":2107,"date":"2023-03-21T14:14:30","date_gmt":"2023-03-21T14:14:30","guid":{"rendered":"https:\/\/dinaric-carnivores.org\/ukljucene-zemlje\/"},"modified":"2024-10-01T15:18:49","modified_gmt":"2024-10-01T15:18:49","slug":"ukljucene-zemlje","status":"publish","type":"page","link":"https:\/\/dinaric-carnivores.org\/hr\/ukljucene-zemlje\/","title":{"rendered":"Uklju\u010dene zemlje"},"content":{"rendered":"\t\t<div data-elementor-type=\"wp-page\" data-elementor-id=\"2107\" class=\"elementor elementor-2107 elementor-818\" data-elementor-settings=\"{&quot;ha_cmc_init_switcher&quot;:&quot;no&quot;}\" data-elementor-post-type=\"page\">\n\t\t\t\t<div class=\"elementor-element elementor-element-8d543a8 e-con-full e-flex e-con e-parent\" data-id=\"8d543a8\" data-element_type=\"container\" data-e-type=\"container\" data-settings=\"{&quot;_ha_eqh_enable&quot;:false}\">\n\t\t\t\t<div class=\"elementor-element elementor-element-b4123e3 elementor-widget elementor-widget-text-editor\" data-id=\"b4123e3\" data-element_type=\"widget\" data-e-type=\"widget\" data-widget_type=\"text-editor.default\">\n\t\t\t\t<div class=\"elementor-widget-container\">\n\t\t\t\t\t\t\t\t\t<p>\u00a9 Ales Krivec\/ Unsplash <br \/><a href=\"https:\/\/www.google.com\/maps\/place\/Vr%C5%A1i%C4%8D-Pass,+5232+So%C4%8Da,+Slowenien\/data=!4m2!3m1!1s0x477a639e901fe117:0x62434b431f29ec06!5m1!1e4?sa=X&amp;ved=2ahUKEwid2t3Yu47-AhUCSvEDHSC0D_QQ8gF6BAh5EAE\" target=\"_blank\" rel=\"noopener\">Lokacija: prijelaz Vr\u0161i\u010d, So\u010da, Slovenija<\/a><\/p>\n\t\t\t\t\t\t\t\t<\/div>\n\t\t\t\t<\/div>\n\t\t\t\t<div class=\"elementor-element elementor-element-abbbee4 elementor-widget__width-inherit elementor-absolute elementor-widget elementor-widget-image\" data-id=\"abbbee4\" data-element_type=\"widget\" data-e-type=\"widget\" data-settings=\"{&quot;_position&quot;:&quot;absolute&quot;,&quot;motion_fx_motion_fx_scrolling&quot;:&quot;yes&quot;,&quot;motion_fx_scale_effect&quot;:&quot;yes&quot;,&quot;motion_fx_scale_range&quot;:{&quot;unit&quot;:&quot;%&quot;,&quot;size&quot;:&quot;&quot;,&quot;sizes&quot;:{&quot;start&quot;:50,&quot;end&quot;:100}},&quot;motion_fx_range&quot;:&quot;viewport&quot;,&quot;motion_fx_scale_direction&quot;:&quot;out-in&quot;,&quot;motion_fx_scale_speed&quot;:{&quot;unit&quot;:&quot;px&quot;,&quot;size&quot;:4,&quot;sizes&quot;:[]},&quot;motion_fx_devices&quot;:[&quot;desktop&quot;,&quot;tablet&quot;,&quot;mobile&quot;]}\" data-widget_type=\"image.default\">\n\t\t\t\t<div class=\"elementor-widget-container\">\n\t\t\t\t\t\t\t\t\t\t\t\t\t\t\t<img fetchpriority=\"high\" decoding=\"async\" width=\"1920\" height=\"914\" src=\"https:\/\/dinaric-carnivores.org\/wp-content\/uploads\/2023\/03\/ales-krivec-wfnkdObEYD8-unsplash-jpg.webp\" class=\"attachment-full size-full wp-image-838\" alt=\"\" \/>\t\t\t\t\t\t\t\t\t\t\t\t\t\t\t<\/div>\n\t\t\t\t<\/div>\n\t\t\t\t<\/div>\n\t\t<div class=\"elementor-element elementor-element-5fff20d e-flex e-con-boxed e-con e-parent\" data-id=\"5fff20d\" data-element_type=\"container\" data-e-type=\"container\" data-settings=\"{&quot;background_background&quot;:&quot;classic&quot;,&quot;_ha_eqh_enable&quot;:false}\">\n\t\t\t\t\t<div class=\"e-con-inner\">\n\t\t<div class=\"elementor-element elementor-element-283954d e-con-full e-flex e-con e-child\" data-id=\"283954d\" data-element_type=\"container\" data-e-type=\"container\" data-settings=\"{&quot;_ha_eqh_enable&quot;:false}\">\n\t\t\t\t<div class=\"elementor-element elementor-element-9130459 elementor-invisible elementor-widget elementor-widget-heading\" data-id=\"9130459\" data-element_type=\"widget\" data-e-type=\"widget\" data-settings=\"{&quot;_animation&quot;:&quot;fadeInUp&quot;,&quot;_animation_delay&quot;:0}\" data-widget_type=\"heading.default\">\n\t\t\t\t<div class=\"elementor-widget-container\">\n\t\t\t\t\t<h2 class=\"elementor-heading-title elementor-size-default\">Uklju\u010dene zemlje<\/h2>\t\t\t\t<\/div>\n\t\t\t\t<\/div>\n\t\t\t\t<div class=\"elementor-element elementor-element-1fd57fc elementor-invisible elementor-widget elementor-widget-text-editor\" data-id=\"1fd57fc\" data-element_type=\"widget\" data-e-type=\"widget\" data-settings=\"{&quot;_animation&quot;:&quot;fadeInRight&quot;,&quot;_animation_delay&quot;:250}\" data-widget_type=\"text-editor.default\">\n\t\t\t\t<div class=\"elementor-widget-container\">\n\t\t\t\t\t\t\t\t\t<p>Sljede\u0107e zemlje uklju\u010dene su u inicijativu i aktivno su sudjelovale na sastancima platforme: Albanija, Bugarska, Bosna i Hercegovina, Hrvatska, Gr\u010dka, Kosovo, Crna Gora, Sjeverna Makedonija, Srbija i Slovenija.<\/p>\n\t\t\t\t\t\t\t\t<\/div>\n\t\t\t\t<\/div>\n\t\t\t\t<\/div>\n\t\t\t\t\t<\/div>\n\t\t\t\t<\/div>\n\t\t<div class=\"elementor-element elementor-element-9639fee e-flex e-con-boxed e-con e-parent\" data-id=\"9639fee\" data-element_type=\"container\" data-e-type=\"container\" data-settings=\"{&quot;background_background&quot;:&quot;classic&quot;,&quot;_ha_eqh_enable&quot;:false}\">\n\t\t\t\t\t<div class=\"e-con-inner\">\n\t\t<div class=\"elementor-element elementor-element-b5d94ea e-con-full e-flex e-con e-child\" data-id=\"b5d94ea\" data-element_type=\"container\" data-e-type=\"container\" data-settings=\"{&quot;_ha_eqh_enable&quot;:false}\">\n\t\t\t\t<div class=\"elementor-element elementor-element-948688c elementor-invisible elementor-widget elementor-widget-heading\" data-id=\"948688c\" data-element_type=\"widget\" data-e-type=\"widget\" data-settings=\"{&quot;_animation&quot;:&quot;fadeInLeft&quot;,&quot;_animation_delay&quot;:250}\" data-widget_type=\"heading.default\">\n\t\t\t\t<div class=\"elementor-widget-container\">\n\t\t\t\t\t<h2 class=\"elementor-heading-title elementor-size-default\">Regija<\/h2>\t\t\t\t<\/div>\n\t\t\t\t<\/div>\n\t\t\t\t<div class=\"elementor-element elementor-element-b3bc22e elementor-invisible elementor-widget elementor-widget-text-editor\" data-id=\"b3bc22e\" data-element_type=\"widget\" data-e-type=\"widget\" data-settings=\"{&quot;_animation&quot;:&quot;fadeInLeft&quot;,&quot;_animation_delay&quot;:500}\" data-widget_type=\"text-editor.default\">\n\t\t\t\t<div class=\"elementor-widget-container\">\n\t\t\t\t\t\t\t\t\t<p>Sljede\u0107e zemlje uklju\u010dene su u inicijativu i aktivno su sudjelovale na sastancima platforme: Albanija, Bugarska, Bosna i Hercegovina, Hrvatska, Gr\u010dka, Kosovo, Crna Gora, Sjeverna Makedonija, Srbija i Slovenija.<\/p>\n\t\t\t\t\t\t\t\t<\/div>\n\t\t\t\t<\/div>\n\t\t\t\t<div class=\"elementor-element elementor-element-8dcf0fd elementor-widget elementor-widget-spacer\" data-id=\"8dcf0fd\" data-element_type=\"widget\" data-e-type=\"widget\" data-widget_type=\"spacer.default\">\n\t\t\t\t<div class=\"elementor-widget-container\">\n\t\t\t\t\t\t\t<div class=\"elementor-spacer\">\n\t\t\t<div class=\"elementor-spacer-inner\"><\/div>\n\t\t<\/div>\n\t\t\t\t\t\t<\/div>\n\t\t\t\t<\/div>\n\t\t\t\t<div class=\"elementor-element elementor-element-53afa72 elementor-invisible elementor-widget elementor-widget-text-editor\" data-id=\"53afa72\" data-element_type=\"widget\" data-e-type=\"widget\" data-settings=\"{&quot;_animation&quot;:&quot;fadeInLeft&quot;,&quot;_animation_delay&quot;:500}\" data-widget_type=\"text-editor.default\">\n\t\t\t\t<div class=\"elementor-widget-container\">\n\t\t\t\t\t\t\t\t\t<p><sup>1<\/sup> U ovoj se inicijativi Kosovo spominje u skladu s UNSCR 1244\/99 i mi\u0161ljenjem Me\u0111unarodnog suda pravde o Deklaraciji o nezavisnosti Kosova.<\/p>\t\t\t\t\t\t\t\t<\/div>\n\t\t\t\t<\/div>\n\t\t\t\t<\/div>\n\t\t<div class=\"elementor-element elementor-element-5815fb5 e-con-full e-flex elementor-invisible e-con e-child\" data-id=\"5815fb5\" data-element_type=\"container\" data-e-type=\"container\" data-settings=\"{&quot;animation&quot;:&quot;fadeIn&quot;,&quot;_ha_eqh_enable&quot;:false}\">\n\t\t\t\t<div class=\"elementor-element elementor-element-8170ec8 elementor-widget elementor-widget-shortcode\" data-id=\"8170ec8\" data-element_type=\"widget\" data-e-type=\"widget\" data-widget_type=\"shortcode.default\">\n\t\t\t\t<div class=\"elementor-widget-container\">\n\t\t\t\t\t\t\t<div class=\"elementor-shortcode\"><div class=\"map_wrapper\" id=\"map_wrapper_417\">\n<div class=\"map_box\" style=\"max-width:2000px\">\n<div class=\"map_aspect_ratio\" style=\"padding-top:100%\" data-padding-top=\"100%\" data-padding-top-mobile=\"0%\">\n<div class=\"map_container\">\n<div class=\"map_render map_loading\" id=\"map_417\"><\/div>\n<\/div>\n<\/div>\n<\/div>\n<\/div><\/div>\n\t\t\t\t\t\t<\/div>\n\t\t\t\t<\/div>\n\t\t\t\t<\/div>\n\t\t\t\t\t<\/div>\n\t\t\t\t<\/div>\n\t\t\t\t<\/div>\n\t\t","protected":false},"excerpt":{"rendered":"<p>\u00a9 Ales Krivec\/ Unsplash Lokacija: prijelaz Vr\u0161i\u010d, So\u010da, Slovenija Uklju\u010dene zemlje Sljede\u0107e zemlje uklju\u010dene su u inicijativu i aktivno su sudjelovale na sastancima platforme: Albanija, Bugarska, Bosna i Hercegovina, Hrvatska, Gr\u010dka, Kosovo, Crna Gora, Sjeverna Makedonija, Srbija i Slovenija. Regija Sljede\u0107e zemlje uklju\u010dene su u inicijativu i aktivno su sudjelovale na sastancima platforme: Albanija, Bugarska, [&hellip;]<\/p>\n","protected":false},"author":1,"featured_media":2057,"parent":0,"menu_order":0,"comment_status":"closed","ping_status":"closed","template":"","meta":{"_acf_changed":false,"footnotes":"","_links_to":"","_links_to_target":""},"class_list":["post-2107","page","type-page","status-publish","has-post-thumbnail","hentry"],"acf":[],"yoast_head":"<!-- This site is optimized with the Yoast SEO plugin v27.5 - https:\/\/yoast.com\/product\/yoast-seo-wordpress\/ -->\n<title>Uklju\u010dene zemlje - The Dinaric-Balkan-Pindos Large Carnivore Initiative<\/title>\n<meta name=\"robots\" content=\"index, follow, max-snippet:-1, max-image-preview:large, max-video-preview:-1\" \/>\n<link rel=\"canonical\" href=\"https:\/\/dinaric-carnivores.org\/hr\/ukljucene-zemlje\/\" \/>\n<meta property=\"og:locale\" content=\"hr_HR\" \/>\n<meta property=\"og:type\" content=\"article\" \/>\n<meta property=\"og:title\" content=\"Uklju\u010dene zemlje - The Dinaric-Balkan-Pindos Large Carnivore Initiative\" \/>\n<meta property=\"og:description\" content=\"\u00a9 Ales Krivec\/ Unsplash Lokacija: prijelaz Vr\u0161i\u010d, So\u010da, Slovenija Uklju\u010dene zemlje Sljede\u0107e zemlje uklju\u010dene su u inicijativu i aktivno su sudjelovale na sastancima platforme: Albanija, Bugarska, Bosna i Hercegovina, Hrvatska, Gr\u010dka, Kosovo, Crna Gora, Sjeverna Makedonija, Srbija i Slovenija. Regija Sljede\u0107e zemlje uklju\u010dene su u inicijativu i aktivno su sudjelovale na sastancima platforme: Albanija, Bugarska, [&hellip;]\" \/>\n<meta property=\"og:url\" content=\"https:\/\/dinaric-carnivores.org\/hr\/ukljucene-zemlje\/\" \/>\n<meta property=\"og:site_name\" content=\"The Dinaric-Balkan-Pindos Large Carnivore Initiative\" \/>\n<meta property=\"article:modified_time\" content=\"2024-10-01T15:18:49+00:00\" \/>\n<meta property=\"og:image\" content=\"https:\/\/dinaric-carnivores.org\/wp-content\/uploads\/2023\/03\/230326_DiBaPi_Platform_Sharepik-1200x630px-jpg.webp\" \/>\n\t<meta property=\"og:image:width\" content=\"1200\" \/>\n\t<meta property=\"og:image:height\" content=\"630\" \/>\n\t<meta property=\"og:image:type\" content=\"image\/jpeg\" \/>\n<meta name=\"twitter:card\" content=\"summary_large_image\" \/>\n<meta name=\"twitter:label1\" content=\"Procijenjeno vrijeme \u010ditanja\" \/>\n\t<meta name=\"twitter:data1\" content=\"1 minuta\" \/>\n<script type=\"application\/ld+json\" class=\"yoast-schema-graph\">{\"@context\":\"https:\\\/\\\/schema.org\",\"@graph\":[{\"@type\":\"WebPage\",\"@id\":\"https:\\\/\\\/dinaric-carnivores.org\\\/hr\\\/ukljucene-zemlje\\\/\",\"url\":\"https:\\\/\\\/dinaric-carnivores.org\\\/hr\\\/ukljucene-zemlje\\\/\",\"name\":\"Uklju\u010dene zemlje - The Dinaric-Balkan-Pindos Large Carnivore Initiative\",\"isPartOf\":{\"@id\":\"https:\\\/\\\/dinaric-carnivores.org\\\/hr\\\/#website\"},\"primaryImageOfPage\":{\"@id\":\"https:\\\/\\\/dinaric-carnivores.org\\\/hr\\\/ukljucene-zemlje\\\/#primaryimage\"},\"image\":{\"@id\":\"https:\\\/\\\/dinaric-carnivores.org\\\/hr\\\/ukljucene-zemlje\\\/#primaryimage\"},\"thumbnailUrl\":\"https:\\\/\\\/dinaric-carnivores.org\\\/wp-content\\\/uploads\\\/2023\\\/03\\\/230326_DiBaPi_Platform_Sharepik-1200x630px-jpg.webp\",\"datePublished\":\"2023-03-21T14:14:30+00:00\",\"dateModified\":\"2024-10-01T15:18:49+00:00\",\"breadcrumb\":{\"@id\":\"https:\\\/\\\/dinaric-carnivores.org\\\/hr\\\/ukljucene-zemlje\\\/#breadcrumb\"},\"inLanguage\":\"hr\",\"potentialAction\":[{\"@type\":\"ReadAction\",\"target\":[\"https:\\\/\\\/dinaric-carnivores.org\\\/hr\\\/ukljucene-zemlje\\\/\"]}]},{\"@type\":\"ImageObject\",\"inLanguage\":\"hr\",\"@id\":\"https:\\\/\\\/dinaric-carnivores.org\\\/hr\\\/ukljucene-zemlje\\\/#primaryimage\",\"url\":\"https:\\\/\\\/dinaric-carnivores.org\\\/wp-content\\\/uploads\\\/2023\\\/03\\\/230326_DiBaPi_Platform_Sharepik-1200x630px-jpg.webp\",\"contentUrl\":\"https:\\\/\\\/dinaric-carnivores.org\\\/wp-content\\\/uploads\\\/2023\\\/03\\\/230326_DiBaPi_Platform_Sharepik-1200x630px-jpg.webp\",\"width\":1200,\"height\":630},{\"@type\":\"BreadcrumbList\",\"@id\":\"https:\\\/\\\/dinaric-carnivores.org\\\/hr\\\/ukljucene-zemlje\\\/#breadcrumb\",\"itemListElement\":[{\"@type\":\"ListItem\",\"position\":1,\"name\":\"Home\",\"item\":\"https:\\\/\\\/dinaric-carnivores.org\\\/hr\\\/\"},{\"@type\":\"ListItem\",\"position\":2,\"name\":\"Uklju\u010dene zemlje\"}]},{\"@type\":\"WebSite\",\"@id\":\"https:\\\/\\\/dinaric-carnivores.org\\\/hr\\\/#website\",\"url\":\"https:\\\/\\\/dinaric-carnivores.org\\\/hr\\\/\",\"name\":\"The Dinaric-Balkan-Pindos Large Carnivore Initiative\",\"description\":\"\",\"publisher\":{\"@id\":\"https:\\\/\\\/dinaric-carnivores.org\\\/hr\\\/#organization\"},\"potentialAction\":[{\"@type\":\"SearchAction\",\"target\":{\"@type\":\"EntryPoint\",\"urlTemplate\":\"https:\\\/\\\/dinaric-carnivores.org\\\/hr\\\/?s={search_term_string}\"},\"query-input\":{\"@type\":\"PropertyValueSpecification\",\"valueRequired\":true,\"valueName\":\"search_term_string\"}}],\"inLanguage\":\"hr\"},{\"@type\":\"Organization\",\"@id\":\"https:\\\/\\\/dinaric-carnivores.org\\\/hr\\\/#organization\",\"name\":\"The Dinaric-Balkan-Pindos Large Carnivore Initiative\",\"url\":\"https:\\\/\\\/dinaric-carnivores.org\\\/hr\\\/\",\"logo\":{\"@type\":\"ImageObject\",\"inLanguage\":\"hr\",\"@id\":\"https:\\\/\\\/dinaric-carnivores.org\\\/hr\\\/#\\\/schema\\\/logo\\\/image\\\/\",\"url\":\"https:\\\/\\\/dinaric-carnivores.org\\\/wp-content\\\/uploads\\\/2023\\\/03\\\/230326_DiBaPi_Platform_Sharepik-1200x630px-jpg.webp\",\"contentUrl\":\"https:\\\/\\\/dinaric-carnivores.org\\\/wp-content\\\/uploads\\\/2023\\\/03\\\/230326_DiBaPi_Platform_Sharepik-1200x630px-jpg.webp\",\"width\":1200,\"height\":630,\"caption\":\"The Dinaric-Balkan-Pindos Large Carnivore Initiative\"},\"image\":{\"@id\":\"https:\\\/\\\/dinaric-carnivores.org\\\/hr\\\/#\\\/schema\\\/logo\\\/image\\\/\"}}]}<\/script>\n<!-- \/ Yoast SEO plugin. -->","yoast_head_json":{"title":"Uklju\u010dene zemlje - The Dinaric-Balkan-Pindos Large Carnivore Initiative","robots":{"index":"index","follow":"follow","max-snippet":"max-snippet:-1","max-image-preview":"max-image-preview:large","max-video-preview":"max-video-preview:-1"},"canonical":"https:\/\/dinaric-carnivores.org\/hr\/ukljucene-zemlje\/","og_locale":"hr_HR","og_type":"article","og_title":"Uklju\u010dene zemlje - The Dinaric-Balkan-Pindos Large Carnivore Initiative","og_description":"\u00a9 Ales Krivec\/ Unsplash Lokacija: prijelaz Vr\u0161i\u010d, So\u010da, Slovenija Uklju\u010dene zemlje Sljede\u0107e zemlje uklju\u010dene su u inicijativu i aktivno su sudjelovale na sastancima platforme: Albanija, Bugarska, Bosna i Hercegovina, Hrvatska, Gr\u010dka, Kosovo, Crna Gora, Sjeverna Makedonija, Srbija i Slovenija. Regija Sljede\u0107e zemlje uklju\u010dene su u inicijativu i aktivno su sudjelovale na sastancima platforme: Albanija, Bugarska, [&hellip;]","og_url":"https:\/\/dinaric-carnivores.org\/hr\/ukljucene-zemlje\/","og_site_name":"The Dinaric-Balkan-Pindos Large Carnivore Initiative","article_modified_time":"2024-10-01T15:18:49+00:00","og_image":[{"width":1200,"height":630,"url":"https:\/\/dinaric-carnivores.org\/wp-content\/uploads\/2023\/03\/230326_DiBaPi_Platform_Sharepik-1200x630px-jpg.webp","type":"image\/jpeg"}],"twitter_card":"summary_large_image","twitter_misc":{"Procijenjeno vrijeme \u010ditanja":"1 minuta"},"schema":{"@context":"https:\/\/schema.org","@graph":[{"@type":"WebPage","@id":"https:\/\/dinaric-carnivores.org\/hr\/ukljucene-zemlje\/","url":"https:\/\/dinaric-carnivores.org\/hr\/ukljucene-zemlje\/","name":"Uklju\u010dene zemlje - The Dinaric-Balkan-Pindos Large Carnivore Initiative","isPartOf":{"@id":"https:\/\/dinaric-carnivores.org\/hr\/#website"},"primaryImageOfPage":{"@id":"https:\/\/dinaric-carnivores.org\/hr\/ukljucene-zemlje\/#primaryimage"},"image":{"@id":"https:\/\/dinaric-carnivores.org\/hr\/ukljucene-zemlje\/#primaryimage"},"thumbnailUrl":"https:\/\/dinaric-carnivores.org\/wp-content\/uploads\/2023\/03\/230326_DiBaPi_Platform_Sharepik-1200x630px-jpg.webp","datePublished":"2023-03-21T14:14:30+00:00","dateModified":"2024-10-01T15:18:49+00:00","breadcrumb":{"@id":"https:\/\/dinaric-carnivores.org\/hr\/ukljucene-zemlje\/#breadcrumb"},"inLanguage":"hr","potentialAction":[{"@type":"ReadAction","target":["https:\/\/dinaric-carnivores.org\/hr\/ukljucene-zemlje\/"]}]},{"@type":"ImageObject","inLanguage":"hr","@id":"https:\/\/dinaric-carnivores.org\/hr\/ukljucene-zemlje\/#primaryimage","url":"https:\/\/dinaric-carnivores.org\/wp-content\/uploads\/2023\/03\/230326_DiBaPi_Platform_Sharepik-1200x630px-jpg.webp","contentUrl":"https:\/\/dinaric-carnivores.org\/wp-content\/uploads\/2023\/03\/230326_DiBaPi_Platform_Sharepik-1200x630px-jpg.webp","width":1200,"height":630},{"@type":"BreadcrumbList","@id":"https:\/\/dinaric-carnivores.org\/hr\/ukljucene-zemlje\/#breadcrumb","itemListElement":[{"@type":"ListItem","position":1,"name":"Home","item":"https:\/\/dinaric-carnivores.org\/hr\/"},{"@type":"ListItem","position":2,"name":"Uklju\u010dene zemlje"}]},{"@type":"WebSite","@id":"https:\/\/dinaric-carnivores.org\/hr\/#website","url":"https:\/\/dinaric-carnivores.org\/hr\/","name":"The Dinaric-Balkan-Pindos Large Carnivore Initiative","description":"","publisher":{"@id":"https:\/\/dinaric-carnivores.org\/hr\/#organization"},"potentialAction":[{"@type":"SearchAction","target":{"@type":"EntryPoint","urlTemplate":"https:\/\/dinaric-carnivores.org\/hr\/?s={search_term_string}"},"query-input":{"@type":"PropertyValueSpecification","valueRequired":true,"valueName":"search_term_string"}}],"inLanguage":"hr"},{"@type":"Organization","@id":"https:\/\/dinaric-carnivores.org\/hr\/#organization","name":"The Dinaric-Balkan-Pindos Large Carnivore Initiative","url":"https:\/\/dinaric-carnivores.org\/hr\/","logo":{"@type":"ImageObject","inLanguage":"hr","@id":"https:\/\/dinaric-carnivores.org\/hr\/#\/schema\/logo\/image\/","url":"https:\/\/dinaric-carnivores.org\/wp-content\/uploads\/2023\/03\/230326_DiBaPi_Platform_Sharepik-1200x630px-jpg.webp","contentUrl":"https:\/\/dinaric-carnivores.org\/wp-content\/uploads\/2023\/03\/230326_DiBaPi_Platform_Sharepik-1200x630px-jpg.webp","width":1200,"height":630,"caption":"The Dinaric-Balkan-Pindos Large Carnivore Initiative"},"image":{"@id":"https:\/\/dinaric-carnivores.org\/hr\/#\/schema\/logo\/image\/"}}]}},"_links":{"self":[{"href":"https:\/\/dinaric-carnivores.org\/hr\/wp-json\/wp\/v2\/pages\/2107","targetHints":{"allow":["GET"]}}],"collection":[{"href":"https:\/\/dinaric-carnivores.org\/hr\/wp-json\/wp\/v2\/pages"}],"about":[{"href":"https:\/\/dinaric-carnivores.org\/hr\/wp-json\/wp\/v2\/types\/page"}],"author":[{"embeddable":true,"href":"https:\/\/dinaric-carnivores.org\/hr\/wp-json\/wp\/v2\/users\/1"}],"replies":[{"embeddable":true,"href":"https:\/\/dinaric-carnivores.org\/hr\/wp-json\/wp\/v2\/comments?post=2107"}],"version-history":[{"count":15,"href":"https:\/\/dinaric-carnivores.org\/hr\/wp-json\/wp\/v2\/pages\/2107\/revisions"}],"predecessor-version":[{"id":5473,"href":"https:\/\/dinaric-carnivores.org\/hr\/wp-json\/wp\/v2\/pages\/2107\/revisions\/5473"}],"wp:featuredmedia":[{"embeddable":true,"href":"https:\/\/dinaric-carnivores.org\/hr\/wp-json\/wp\/v2\/media\/2057"}],"wp:attachment":[{"href":"https:\/\/dinaric-carnivores.org\/hr\/wp-json\/wp\/v2\/media?parent=2107"}],"curies":[{"name":"wp","href":"https:\/\/api.w.org\/{rel}","templated":true}]}}