{"id":1287,"date":"2023-03-22T13:59:57","date_gmt":"2023-03-22T13:59:57","guid":{"rendered":"https:\/\/dinaric-carnivores.org\/?page_id=1287"},"modified":"2024-08-05T11:35:10","modified_gmt":"2024-08-05T11:35:10","slug":"contact","status":"publish","type":"page","link":"https:\/\/dinaric-carnivores.org\/en\/contact\/","title":{"rendered":"Contact"},"content":{"rendered":"\t\t<div data-elementor-type=\"wp-page\" data-elementor-id=\"1287\" class=\"elementor elementor-1287\" data-elementor-settings=\"{&quot;ha_cmc_init_switcher&quot;:&quot;no&quot;}\" data-elementor-post-type=\"page\">\n\t\t\t\t<div class=\"elementor-element elementor-element-61c7281 e-con-full e-flex e-con e-parent\" data-id=\"61c7281\" data-element_type=\"container\" data-e-type=\"container\" data-settings=\"{&quot;_ha_eqh_enable&quot;:false}\">\n\t\t\t\t<div class=\"elementor-element elementor-element-0b40d94 elementor-widget elementor-widget-text-editor\" data-id=\"0b40d94\" data-element_type=\"widget\" data-e-type=\"widget\" data-widget_type=\"text-editor.default\">\n\t\t\t\t<div class=\"elementor-widget-container\">\n\t\t\t\t\t\t\t\t\t<p>\u00a9 Uros Deljanin\/ Unsplash <br \/><a href=\"https:\/\/www.google.com\/maps\/place\/Seli\u0161te+ve\u0161ta\u010dko+jezero\/@43.5576987,20.8170543,15z\/data=!4m6!3m5!1s0x475650f415f9466b:0xe8d97ab83191bbcf!8m2!3d43.5576987!4d20.8170543!16s%2Fg%2F11fy4nyc3v\" target=\"_blank\" rel=\"noopener\">Location: Seli\u0161te Ve\u0161ta\u010dko jezero (Go\u010d), Go\u010d, Serbia<\/a><\/p>\t\t\t\t\t\t\t\t<\/div>\n\t\t\t\t<\/div>\n\t\t\t\t<div class=\"elementor-element elementor-element-a7dfbbb elementor-widget__width-inherit elementor-absolute elementor-widget elementor-widget-image\" data-id=\"a7dfbbb\" data-element_type=\"widget\" data-e-type=\"widget\" data-settings=\"{&quot;_position&quot;:&quot;absolute&quot;,&quot;motion_fx_motion_fx_scrolling&quot;:&quot;yes&quot;,&quot;motion_fx_scale_effect&quot;:&quot;yes&quot;,&quot;motion_fx_scale_range&quot;:{&quot;unit&quot;:&quot;%&quot;,&quot;size&quot;:&quot;&quot;,&quot;sizes&quot;:{&quot;start&quot;:50,&quot;end&quot;:100}},&quot;motion_fx_range&quot;:&quot;viewport&quot;,&quot;motion_fx_scale_direction&quot;:&quot;out-in&quot;,&quot;motion_fx_scale_speed&quot;:{&quot;unit&quot;:&quot;px&quot;,&quot;size&quot;:4,&quot;sizes&quot;:[]},&quot;motion_fx_devices&quot;:[&quot;desktop&quot;,&quot;tablet&quot;,&quot;mobile&quot;]}\" data-widget_type=\"image.default\">\n\t\t\t\t<div class=\"elementor-widget-container\">\n\t\t\t\t\t\t\t\t\t\t\t\t\t\t\t<img fetchpriority=\"high\" decoding=\"async\" width=\"1920\" height=\"914\" src=\"https:\/\/dinaric-carnivores.org\/wp-content\/uploads\/2023\/03\/uros-deljanin-XqF-f3VvYu8-unsplash-jpg.webp\" class=\"attachment-full size-full wp-image-1349\" alt=\"\" srcset=\"https:\/\/dinaric-carnivores.org\/wp-content\/uploads\/2023\/03\/uros-deljanin-XqF-f3VvYu8-unsplash-jpg.webp 1920w, https:\/\/dinaric-carnivores.org\/wp-content\/uploads\/2023\/03\/uros-deljanin-XqF-f3VvYu8-unsplash-300x143.webp 300w, https:\/\/dinaric-carnivores.org\/wp-content\/uploads\/2023\/03\/uros-deljanin-XqF-f3VvYu8-unsplash-1024x487.webp 1024w, https:\/\/dinaric-carnivores.org\/wp-content\/uploads\/2023\/03\/uros-deljanin-XqF-f3VvYu8-unsplash-768x366.webp 768w, https:\/\/dinaric-carnivores.org\/wp-content\/uploads\/2023\/03\/uros-deljanin-XqF-f3VvYu8-unsplash-1536x731.webp 1536w\" sizes=\"(max-width: 1920px) 100vw, 1920px\" \/>\t\t\t\t\t\t\t\t\t\t\t\t\t\t\t<\/div>\n\t\t\t\t<\/div>\n\t\t\t\t<\/div>\n\t\t<div class=\"elementor-element elementor-element-5fff20d e-flex e-con-boxed e-con e-parent\" data-id=\"5fff20d\" data-element_type=\"container\" data-e-type=\"container\" data-settings=\"{&quot;background_background&quot;:&quot;classic&quot;,&quot;_ha_eqh_enable&quot;:false}\">\n\t\t\t\t\t<div class=\"e-con-inner\">\n\t\t<div class=\"elementor-element elementor-element-283954d e-con-full e-flex e-con e-child\" data-id=\"283954d\" data-element_type=\"container\" data-e-type=\"container\" data-settings=\"{&quot;_ha_eqh_enable&quot;:false}\">\n\t\t\t\t<div class=\"elementor-element elementor-element-9130459 elementor-invisible elementor-widget elementor-widget-heading\" data-id=\"9130459\" data-element_type=\"widget\" data-e-type=\"widget\" data-settings=\"{&quot;_animation&quot;:&quot;fadeInUp&quot;,&quot;_animation_delay&quot;:0}\" data-widget_type=\"heading.default\">\n\t\t\t\t<div class=\"elementor-widget-container\">\n\t\t\t\t\t<h2 class=\"elementor-heading-title elementor-size-default\">Contact<\/h2>\t\t\t\t<\/div>\n\t\t\t\t<\/div>\n\t\t\t\t<div class=\"elementor-element elementor-element-1fd57fc elementor-invisible elementor-widget elementor-widget-text-editor\" data-id=\"1fd57fc\" data-element_type=\"widget\" data-e-type=\"widget\" data-settings=\"{&quot;_animation&quot;:&quot;fadeInRight&quot;,&quot;_animation_delay&quot;:250}\" data-widget_type=\"text-editor.default\">\n\t\t\t\t<div class=\"elementor-widget-container\">\n\t\t\t\t\t\t\t\t\t<p>If you wish to find out more on joining the initiative, offer good practice examples or are looking for further information, please get in touch!<\/p>\t\t\t\t\t\t\t\t<\/div>\n\t\t\t\t<\/div>\n\t\t\t\t<\/div>\n\t\t\t\t\t<\/div>\n\t\t\t\t<\/div>\n\t\t<div class=\"elementor-element elementor-element-8042652 e-flex e-con-boxed e-con e-parent\" data-id=\"8042652\" data-element_type=\"container\" data-e-type=\"container\" data-settings=\"{&quot;background_background&quot;:&quot;classic&quot;,&quot;_ha_eqh_enable&quot;:false}\">\n\t\t\t\t\t<div class=\"e-con-inner\">\n\t\t<div class=\"elementor-element elementor-element-490f0af e-con-full e-flex e-con e-child\" data-id=\"490f0af\" data-element_type=\"container\" data-e-type=\"container\" data-settings=\"{&quot;_ha_eqh_enable&quot;:false}\">\n\t\t\t\t<div class=\"elementor-element elementor-element-f74ae1e elementor-widget elementor-widget-text-editor\" data-id=\"f74ae1e\" data-element_type=\"widget\" data-e-type=\"widget\" data-widget_type=\"text-editor.default\">\n\t\t\t\t<div class=\"elementor-widget-container\">\n\t\t\t\t\t\t\t\t\t<p><a href=\"mailto:dinaric.carnivores@adelphi.de\">dinaric.carnivores@adelphi.de<\/a><\/p>\t\t\t\t\t\t\t\t<\/div>\n\t\t\t\t<\/div>\n\t\t\t\t<\/div>\n\t\t<div class=\"elementor-element elementor-element-92d9472 e-con-full e-flex e-con e-child\" data-id=\"92d9472\" data-element_type=\"container\" data-e-type=\"container\" data-settings=\"{&quot;_ha_eqh_enable&quot;:false}\">\n\t\t\t\t<div class=\"elementor-element elementor-element-8895800 elementor-button-align-end elementor-widget elementor-widget-form\" data-id=\"8895800\" data-element_type=\"widget\" data-e-type=\"widget\" data-settings=\"{&quot;step_next_label&quot;:&quot;Next&quot;,&quot;step_previous_label&quot;:&quot;Previous&quot;,&quot;button_width&quot;:&quot;100&quot;,&quot;step_type&quot;:&quot;number_text&quot;,&quot;step_icon_shape&quot;:&quot;circle&quot;}\" data-widget_type=\"form.default\">\n\t\t\t\t<div class=\"elementor-widget-container\">\n\t\t\t\t\t\t\t<form class=\"elementor-form\" method=\"post\" name=\"Contact Form\" aria-label=\"Contact Form\">\n\t\t\t<input type=\"hidden\" name=\"post_id\" value=\"1287\"\/>\n\t\t\t<input type=\"hidden\" name=\"form_id\" value=\"8895800\"\/>\n\t\t\t<input type=\"hidden\" name=\"referer_title\" value=\"Contact - The Dinaric-Balkan-Pindos Large Carnivore Initiative\" \/>\n\n\t\t\t\t\t\t\t<input type=\"hidden\" name=\"queried_id\" value=\"1287\"\/>\n\t\t\t\n\t\t\t<div class=\"elementor-form-fields-wrapper elementor-labels-above\">\n\t\t\t\t\t\t\t\t<div class=\"elementor-field-type-text elementor-field-group elementor-column elementor-field-group-name elementor-col-70 elementor-md-100 elementor-field-required elementor-mark-required\">\n\t\t\t\t\t\t\t\t\t\t\t\t<label for=\"form-field-name\" class=\"elementor-field-label\">\n\t\t\t\t\t\t\t\tName\t\t\t\t\t\t\t<\/label>\n\t\t\t\t\t\t\t\t\t\t\t\t\t\t<input size=\"1\" type=\"text\" name=\"form_fields[name]\" id=\"form-field-name\" class=\"elementor-field elementor-size-sm  elementor-field-textual\" required=\"required\">\n\t\t\t\t\t\t\t\t\t\t\t<\/div>\n\t\t\t\t\t\t\t\t<div class=\"elementor-field-type-email elementor-field-group elementor-column elementor-field-group-email elementor-col-100 elementor-md-100 elementor-field-required elementor-mark-required\">\n\t\t\t\t\t\t\t\t\t\t\t\t<label for=\"form-field-email\" class=\"elementor-field-label\">\n\t\t\t\t\t\t\t\tEmail\t\t\t\t\t\t\t<\/label>\n\t\t\t\t\t\t\t\t\t\t\t\t\t\t<input size=\"1\" type=\"email\" name=\"form_fields[email]\" id=\"form-field-email\" class=\"elementor-field elementor-size-sm  elementor-field-textual\" required=\"required\">\n\t\t\t\t\t\t\t\t\t\t\t<\/div>\n\t\t\t\t\t\t\t\t<div class=\"elementor-field-type-text elementor-field-group elementor-column elementor-field-group-subject elementor-col-100 elementor-md-100 elementor-field-required elementor-mark-required\">\n\t\t\t\t\t\t\t\t\t\t\t\t<label for=\"form-field-subject\" class=\"elementor-field-label\">\n\t\t\t\t\t\t\t\tSubject\t\t\t\t\t\t\t<\/label>\n\t\t\t\t\t\t\t\t\t\t\t\t\t\t<input size=\"1\" type=\"text\" name=\"form_fields[subject]\" id=\"form-field-subject\" class=\"elementor-field elementor-size-sm  elementor-field-textual\" required=\"required\">\n\t\t\t\t\t\t\t\t\t\t\t<\/div>\n\t\t\t\t\t\t\t\t<div class=\"elementor-field-type-textarea elementor-field-group elementor-column elementor-field-group-message elementor-col-100 elementor-md-100 elementor-field-required elementor-mark-required\">\n\t\t\t\t\t\t\t\t\t\t\t\t<label for=\"form-field-message\" class=\"elementor-field-label\">\n\t\t\t\t\t\t\t\tMessage\t\t\t\t\t\t\t<\/label>\n\t\t\t\t\t\t<textarea class=\"elementor-field-textual elementor-field  elementor-size-sm\" name=\"form_fields[message]\" id=\"form-field-message\" rows=\"10\" required=\"required\"><\/textarea>\t\t\t\t<\/div>\n\t\t\t\t\t\t\t\t<div class=\"elementor-field-group elementor-column elementor-field-type-submit elementor-col-100 e-form__buttons\">\n\t\t\t\t\t<button class=\"elementor-button elementor-size-sm\" type=\"submit\">\n\t\t\t\t\t\t<span class=\"elementor-button-content-wrapper\">\n\t\t\t\t\t\t\t\t\t\t\t\t\t\t\t\t\t\t\t\t\t\t<span class=\"elementor-button-text\">Send<\/span>\n\t\t\t\t\t\t\t\t\t\t\t\t\t<\/span>\n\t\t\t\t\t<\/button>\n\t\t\t\t<\/div>\n\t\t\t<\/div>\n\t\t<\/form>\n\t\t\t\t\t\t<\/div>\n\t\t\t\t<\/div>\n\t\t\t\t<\/div>\n\t\t\t\t\t<\/div>\n\t\t\t\t<\/div>\n\t\t\t\t<\/div>\n\t\t","protected":false},"excerpt":{"rendered":"<p>\u00a9 Uros Deljanin\/ Unsplash Location: Seli\u0161te Ve\u0161ta\u010dko jezero (Go\u010d), Go\u010d, Serbia Contact If you wish to find out more on joining the initiative, offer good practice examples or are looking for further information, please get in touch! dinaric.carnivores@adelphi.de<\/p>\n","protected":false},"author":1,"featured_media":2055,"parent":0,"menu_order":0,"comment_status":"closed","ping_status":"open","template":"","meta":{"_acf_changed":false,"footnotes":"","_links_to":"","_links_to_target":""},"class_list":["post-1287","page","type-page","status-publish","has-post-thumbnail","hentry"],"acf":[],"yoast_head":"<!-- This site is optimized with the Yoast SEO plugin v27.4 - https:\/\/yoast.com\/product\/yoast-seo-wordpress\/ -->\n<title>Contact - The Dinaric-Balkan-Pindos Large Carnivore Initiative<\/title>\n<meta name=\"robots\" content=\"index, follow, max-snippet:-1, max-image-preview:large, max-video-preview:-1\" \/>\n<link rel=\"canonical\" href=\"https:\/\/dinaric-carnivores.org\/en\/contact\/\" \/>\n<meta property=\"og:locale\" content=\"en_US\" \/>\n<meta property=\"og:type\" content=\"article\" \/>\n<meta property=\"og:title\" content=\"Contact - The Dinaric-Balkan-Pindos Large Carnivore Initiative\" \/>\n<meta property=\"og:description\" content=\"\u00a9 Uros Deljanin\/ Unsplash Location: Seli\u0161te Ve\u0161ta\u010dko jezero (Go\u010d), Go\u010d, Serbia Contact If you wish to find out more on joining the initiative, offer good practice examples or are looking for further information, please get in touch! dinaric.carnivores@adelphi.de\" \/>\n<meta property=\"og:url\" content=\"https:\/\/dinaric-carnivores.org\/en\/contact\/\" \/>\n<meta property=\"og:site_name\" content=\"The Dinaric-Balkan-Pindos Large Carnivore Initiative\" \/>\n<meta property=\"article:modified_time\" content=\"2024-08-05T11:35:10+00:00\" \/>\n<meta property=\"og:image\" content=\"https:\/\/dinaric-carnivores.org\/wp-content\/uploads\/2023\/03\/230326_DiBaPi_Platform_Sharepik-1200x630px-jpg.webp\" \/>\n\t<meta property=\"og:image:width\" content=\"1200\" \/>\n\t<meta property=\"og:image:height\" content=\"630\" \/>\n\t<meta property=\"og:image:type\" content=\"image\/jpeg\" \/>\n<meta name=\"twitter:card\" content=\"summary_large_image\" \/>\n<meta name=\"twitter:label1\" content=\"Est. reading time\" \/>\n\t<meta name=\"twitter:data1\" content=\"1 minute\" \/>\n<script type=\"application\/ld+json\" class=\"yoast-schema-graph\">{\"@context\":\"https:\\\/\\\/schema.org\",\"@graph\":[{\"@type\":\"WebPage\",\"@id\":\"https:\\\/\\\/dinaric-carnivores.org\\\/en\\\/contact\\\/\",\"url\":\"https:\\\/\\\/dinaric-carnivores.org\\\/en\\\/contact\\\/\",\"name\":\"Contact - The Dinaric-Balkan-Pindos Large Carnivore Initiative\",\"isPartOf\":{\"@id\":\"https:\\\/\\\/dinaric-carnivores.org\\\/en\\\/#website\"},\"primaryImageOfPage\":{\"@id\":\"https:\\\/\\\/dinaric-carnivores.org\\\/en\\\/contact\\\/#primaryimage\"},\"image\":{\"@id\":\"https:\\\/\\\/dinaric-carnivores.org\\\/en\\\/contact\\\/#primaryimage\"},\"thumbnailUrl\":\"https:\\\/\\\/dinaric-carnivores.org\\\/wp-content\\\/uploads\\\/2023\\\/03\\\/230326_DiBaPi_Platform_Sharepik-1200x630px-jpg.webp\",\"datePublished\":\"2023-03-22T13:59:57+00:00\",\"dateModified\":\"2024-08-05T11:35:10+00:00\",\"breadcrumb\":{\"@id\":\"https:\\\/\\\/dinaric-carnivores.org\\\/en\\\/contact\\\/#breadcrumb\"},\"inLanguage\":\"en-US\",\"potentialAction\":[{\"@type\":\"ReadAction\",\"target\":[\"https:\\\/\\\/dinaric-carnivores.org\\\/en\\\/contact\\\/\"]}]},{\"@type\":\"ImageObject\",\"inLanguage\":\"en-US\",\"@id\":\"https:\\\/\\\/dinaric-carnivores.org\\\/en\\\/contact\\\/#primaryimage\",\"url\":\"https:\\\/\\\/dinaric-carnivores.org\\\/wp-content\\\/uploads\\\/2023\\\/03\\\/230326_DiBaPi_Platform_Sharepik-1200x630px-jpg.webp\",\"contentUrl\":\"https:\\\/\\\/dinaric-carnivores.org\\\/wp-content\\\/uploads\\\/2023\\\/03\\\/230326_DiBaPi_Platform_Sharepik-1200x630px-jpg.webp\",\"width\":1200,\"height\":630},{\"@type\":\"BreadcrumbList\",\"@id\":\"https:\\\/\\\/dinaric-carnivores.org\\\/en\\\/contact\\\/#breadcrumb\",\"itemListElement\":[{\"@type\":\"ListItem\",\"position\":1,\"name\":\"Home\",\"item\":\"https:\\\/\\\/dinaric-carnivores.org\\\/en\\\/\"},{\"@type\":\"ListItem\",\"position\":2,\"name\":\"Contact\"}]},{\"@type\":\"WebSite\",\"@id\":\"https:\\\/\\\/dinaric-carnivores.org\\\/en\\\/#website\",\"url\":\"https:\\\/\\\/dinaric-carnivores.org\\\/en\\\/\",\"name\":\"The Dinaric-Balkan-Pindos Large Carnivore Initiative\",\"description\":\"\",\"publisher\":{\"@id\":\"https:\\\/\\\/dinaric-carnivores.org\\\/en\\\/#organization\"},\"potentialAction\":[{\"@type\":\"SearchAction\",\"target\":{\"@type\":\"EntryPoint\",\"urlTemplate\":\"https:\\\/\\\/dinaric-carnivores.org\\\/en\\\/?s={search_term_string}\"},\"query-input\":{\"@type\":\"PropertyValueSpecification\",\"valueRequired\":true,\"valueName\":\"search_term_string\"}}],\"inLanguage\":\"en-US\"},{\"@type\":\"Organization\",\"@id\":\"https:\\\/\\\/dinaric-carnivores.org\\\/en\\\/#organization\",\"name\":\"The Dinaric-Balkan-Pindos Large Carnivore Initiative\",\"url\":\"https:\\\/\\\/dinaric-carnivores.org\\\/en\\\/\",\"logo\":{\"@type\":\"ImageObject\",\"inLanguage\":\"en-US\",\"@id\":\"https:\\\/\\\/dinaric-carnivores.org\\\/en\\\/#\\\/schema\\\/logo\\\/image\\\/\",\"url\":\"https:\\\/\\\/dinaric-carnivores.org\\\/wp-content\\\/uploads\\\/2023\\\/03\\\/230326_DiBaPi_Platform_Sharepik-1200x630px-jpg.webp\",\"contentUrl\":\"https:\\\/\\\/dinaric-carnivores.org\\\/wp-content\\\/uploads\\\/2023\\\/03\\\/230326_DiBaPi_Platform_Sharepik-1200x630px-jpg.webp\",\"width\":1200,\"height\":630,\"caption\":\"The Dinaric-Balkan-Pindos Large Carnivore Initiative\"},\"image\":{\"@id\":\"https:\\\/\\\/dinaric-carnivores.org\\\/en\\\/#\\\/schema\\\/logo\\\/image\\\/\"}}]}<\/script>\n<!-- \/ Yoast SEO plugin. -->","yoast_head_json":{"title":"Contact - The Dinaric-Balkan-Pindos Large Carnivore Initiative","robots":{"index":"index","follow":"follow","max-snippet":"max-snippet:-1","max-image-preview":"max-image-preview:large","max-video-preview":"max-video-preview:-1"},"canonical":"https:\/\/dinaric-carnivores.org\/en\/contact\/","og_locale":"en_US","og_type":"article","og_title":"Contact - The Dinaric-Balkan-Pindos Large Carnivore Initiative","og_description":"\u00a9 Uros Deljanin\/ Unsplash Location: Seli\u0161te Ve\u0161ta\u010dko jezero (Go\u010d), Go\u010d, Serbia Contact If you wish to find out more on joining the initiative, offer good practice examples or are looking for further information, please get in touch! dinaric.carnivores@adelphi.de","og_url":"https:\/\/dinaric-carnivores.org\/en\/contact\/","og_site_name":"The Dinaric-Balkan-Pindos Large Carnivore Initiative","article_modified_time":"2024-08-05T11:35:10+00:00","og_image":[{"width":1200,"height":630,"url":"https:\/\/dinaric-carnivores.org\/wp-content\/uploads\/2023\/03\/230326_DiBaPi_Platform_Sharepik-1200x630px-jpg.webp","type":"image\/jpeg"}],"twitter_card":"summary_large_image","twitter_misc":{"Est. reading time":"1 minute"},"schema":{"@context":"https:\/\/schema.org","@graph":[{"@type":"WebPage","@id":"https:\/\/dinaric-carnivores.org\/en\/contact\/","url":"https:\/\/dinaric-carnivores.org\/en\/contact\/","name":"Contact - The Dinaric-Balkan-Pindos Large Carnivore Initiative","isPartOf":{"@id":"https:\/\/dinaric-carnivores.org\/en\/#website"},"primaryImageOfPage":{"@id":"https:\/\/dinaric-carnivores.org\/en\/contact\/#primaryimage"},"image":{"@id":"https:\/\/dinaric-carnivores.org\/en\/contact\/#primaryimage"},"thumbnailUrl":"https:\/\/dinaric-carnivores.org\/wp-content\/uploads\/2023\/03\/230326_DiBaPi_Platform_Sharepik-1200x630px-jpg.webp","datePublished":"2023-03-22T13:59:57+00:00","dateModified":"2024-08-05T11:35:10+00:00","breadcrumb":{"@id":"https:\/\/dinaric-carnivores.org\/en\/contact\/#breadcrumb"},"inLanguage":"en-US","potentialAction":[{"@type":"ReadAction","target":["https:\/\/dinaric-carnivores.org\/en\/contact\/"]}]},{"@type":"ImageObject","inLanguage":"en-US","@id":"https:\/\/dinaric-carnivores.org\/en\/contact\/#primaryimage","url":"https:\/\/dinaric-carnivores.org\/wp-content\/uploads\/2023\/03\/230326_DiBaPi_Platform_Sharepik-1200x630px-jpg.webp","contentUrl":"https:\/\/dinaric-carnivores.org\/wp-content\/uploads\/2023\/03\/230326_DiBaPi_Platform_Sharepik-1200x630px-jpg.webp","width":1200,"height":630},{"@type":"BreadcrumbList","@id":"https:\/\/dinaric-carnivores.org\/en\/contact\/#breadcrumb","itemListElement":[{"@type":"ListItem","position":1,"name":"Home","item":"https:\/\/dinaric-carnivores.org\/en\/"},{"@type":"ListItem","position":2,"name":"Contact"}]},{"@type":"WebSite","@id":"https:\/\/dinaric-carnivores.org\/en\/#website","url":"https:\/\/dinaric-carnivores.org\/en\/","name":"The Dinaric-Balkan-Pindos Large Carnivore Initiative","description":"","publisher":{"@id":"https:\/\/dinaric-carnivores.org\/en\/#organization"},"potentialAction":[{"@type":"SearchAction","target":{"@type":"EntryPoint","urlTemplate":"https:\/\/dinaric-carnivores.org\/en\/?s={search_term_string}"},"query-input":{"@type":"PropertyValueSpecification","valueRequired":true,"valueName":"search_term_string"}}],"inLanguage":"en-US"},{"@type":"Organization","@id":"https:\/\/dinaric-carnivores.org\/en\/#organization","name":"The Dinaric-Balkan-Pindos Large Carnivore Initiative","url":"https:\/\/dinaric-carnivores.org\/en\/","logo":{"@type":"ImageObject","inLanguage":"en-US","@id":"https:\/\/dinaric-carnivores.org\/en\/#\/schema\/logo\/image\/","url":"https:\/\/dinaric-carnivores.org\/wp-content\/uploads\/2023\/03\/230326_DiBaPi_Platform_Sharepik-1200x630px-jpg.webp","contentUrl":"https:\/\/dinaric-carnivores.org\/wp-content\/uploads\/2023\/03\/230326_DiBaPi_Platform_Sharepik-1200x630px-jpg.webp","width":1200,"height":630,"caption":"The Dinaric-Balkan-Pindos Large Carnivore Initiative"},"image":{"@id":"https:\/\/dinaric-carnivores.org\/en\/#\/schema\/logo\/image\/"}}]}},"_links":{"self":[{"href":"https:\/\/dinaric-carnivores.org\/en\/wp-json\/wp\/v2\/pages\/1287","targetHints":{"allow":["GET"]}}],"collection":[{"href":"https:\/\/dinaric-carnivores.org\/en\/wp-json\/wp\/v2\/pages"}],"about":[{"href":"https:\/\/dinaric-carnivores.org\/en\/wp-json\/wp\/v2\/types\/page"}],"author":[{"embeddable":true,"href":"https:\/\/dinaric-carnivores.org\/en\/wp-json\/wp\/v2\/users\/1"}],"replies":[{"embeddable":true,"href":"https:\/\/dinaric-carnivores.org\/en\/wp-json\/wp\/v2\/comments?post=1287"}],"version-history":[{"count":86,"href":"https:\/\/dinaric-carnivores.org\/en\/wp-json\/wp\/v2\/pages\/1287\/revisions"}],"predecessor-version":[{"id":4802,"href":"https:\/\/dinaric-carnivores.org\/en\/wp-json\/wp\/v2\/pages\/1287\/revisions\/4802"}],"wp:featuredmedia":[{"embeddable":true,"href":"https:\/\/dinaric-carnivores.org\/en\/wp-json\/wp\/v2\/media\/2055"}],"wp:attachment":[{"href":"https:\/\/dinaric-carnivores.org\/en\/wp-json\/wp\/v2\/media?parent=1287"}],"curies":[{"name":"wp","href":"https:\/\/api.w.org\/{rel}","templated":true}]}}